{"id":56,"date":"2024-05-31T00:51:25","date_gmt":"2024-05-31T00:51:25","guid":{"rendered":"https:\/\/www.yafaesca.com\/?page_id=56"},"modified":"2024-11-18T23:31:05","modified_gmt":"2024-11-18T23:31:05","slug":"contacto","status":"publish","type":"page","link":"https:\/\/www.yafaesca.com\/index.php\/contacto\/","title":{"rendered":"Contacto"},"content":{"rendered":"\t\t<div data-elementor-type=\"wp-page\" data-elementor-id=\"56\" class=\"elementor elementor-56\">\n\t\t\t\t<header class=\"elementor-element elementor-element-5c7a69a6 e-con-full e-flex e-con e-parent\" data-id=\"5c7a69a6\" data-element_type=\"container\">\n\t\t<div class=\"elementor-element elementor-element-1f0d624 e-con-full e-flex e-con e-child\" data-id=\"1f0d624\" data-element_type=\"container\">\n\t\t\t\t<div class=\"elementor-element elementor-element-96fa02b elementor-align-right elementor-icon-list--layout-traditional elementor-list-item-link-full_width elementor-widget elementor-widget-icon-list\" data-id=\"96fa02b\" data-element_type=\"widget\" data-widget_type=\"icon-list.default\">\n\t\t\t\t<div class=\"elementor-widget-container\">\n\t\t\t\t\t<ul class=\"elementor-icon-list-items\">\n\t\t\t\t\t\t\t<li class=\"elementor-icon-list-item\">\n\t\t\t\t\t\t\t\t\t\t<span class=\"elementor-icon-list-text\"><\/span>\n\t\t\t\t\t\t\t\t\t<\/li>\n\t\t\t\t\t\t<\/ul>\n\t\t\t\t<\/div>\n\t\t\t\t<\/div>\n\t\t\t\t<\/div>\n\t\t\t\t<\/header>\n\t\t<div class=\"elementor-element elementor-element-2bd19983 e-con-full e-flex e-con e-parent\" data-id=\"2bd19983\" data-element_type=\"container\">\n\t\t<div class=\"elementor-element elementor-element-204cbb82 e-flex e-con-boxed e-con e-child\" data-id=\"204cbb82\" data-element_type=\"container\">\n\t\t\t\t\t<div class=\"e-con-inner\">\n\t\t\t\t<div class=\"elementor-element elementor-element-4fb5130 elementor-widget elementor-widget-heading\" data-id=\"4fb5130\" data-element_type=\"widget\" data-widget_type=\"heading.default\">\n\t\t\t\t<div class=\"elementor-widget-container\">\n\t\t\t<h1 class=\"elementor-heading-title elementor-size-default\">contactanos<\/h1>\t\t<\/div>\n\t\t\t\t<\/div>\n\t\t\t\t<div class=\"elementor-element elementor-element-5c9b2d0f elementor-widget elementor-widget-text-editor\" data-id=\"5c9b2d0f\" data-element_type=\"widget\" data-widget_type=\"text-editor.default\">\n\t\t\t\t<div class=\"elementor-widget-container\">\n\t\t\t\t\t\t\t<pre id=\"tw-target-text\" class=\"tw-data-text tw-text-large tw-ta\" dir=\"ltr\" data-placeholder=\"Traducci\u00f3n\" data-ved=\"2ahUKEwjX04LS_eaJAxXQK7kGHYHiHVEQ3ewLegQICRAU\" aria-label=\"Texto traducido: Nos encantar\u00eda saber de usted. No dude en comunicarse utilizando los detalles a continuaci\u00f3n.\"><em><strong><span class=\"Y2IQFc\" lang=\"es\">Nos encantar\u00eda saber de usted.\nNo dude en comunicarse utilizando<br \/>los detalles a continuaci\u00f3n.<\/span><\/strong><\/em><\/pre>\t\t\t\t\t\t<\/div>\n\t\t\t\t<\/div>\n\t\t\t\t\t<\/div>\n\t\t\t\t<\/div>\n\t\t<div class=\"elementor-element elementor-element-546c40cb e-con-full e-flex e-con e-child\" data-id=\"546c40cb\" data-element_type=\"container\">\n\t\t\t\t<div class=\"elementor-element elementor-element-410b0c55 elementor-widget elementor-widget-image\" data-id=\"410b0c55\" data-element_type=\"widget\" data-widget_type=\"image.default\">\n\t\t\t\t<div class=\"elementor-widget-container\">\n\t\t\t\t\t\t\t\t\t\t\t\t\t<img fetchpriority=\"high\" decoding=\"async\" width=\"1024\" height=\"680\" src=\"https:\/\/www.yafaesca.com\/wp-content\/uploads\/2024\/11\/Imagen-de-WhatsApp-2024-07-21-a-las-11.42.53_90e7c85a-copia-1024x680.jpg\" class=\"attachment-large size-large wp-image-126\" alt=\"\" srcset=\"https:\/\/www.yafaesca.com\/wp-content\/uploads\/2024\/11\/Imagen-de-WhatsApp-2024-07-21-a-las-11.42.53_90e7c85a-copia-1024x680.jpg 1024w, https:\/\/www.yafaesca.com\/wp-content\/uploads\/2024\/11\/Imagen-de-WhatsApp-2024-07-21-a-las-11.42.53_90e7c85a-copia-300x199.jpg 300w, https:\/\/www.yafaesca.com\/wp-content\/uploads\/2024\/11\/Imagen-de-WhatsApp-2024-07-21-a-las-11.42.53_90e7c85a-copia-768x510.jpg 768w, https:\/\/www.yafaesca.com\/wp-content\/uploads\/2024\/11\/Imagen-de-WhatsApp-2024-07-21-a-las-11.42.53_90e7c85a-copia.jpg 1082w\" sizes=\"(max-width: 1024px) 100vw, 1024px\" \/>\t\t\t\t\t\t\t\t\t\t\t\t\t<\/div>\n\t\t\t\t<\/div>\n\t\t\t\t<\/div>\n\t\t\t\t<\/div>\n\t\t<div class=\"elementor-element elementor-element-629df9df e-con-full e-flex e-con e-parent\" data-id=\"629df9df\" data-element_type=\"container\" data-settings=\"{&quot;background_background&quot;:&quot;classic&quot;}\">\n\t\t<div class=\"elementor-element elementor-element-3769a071 e-con-full e-flex e-con e-child\" data-id=\"3769a071\" data-element_type=\"container\">\n\t\t\t\t<div class=\"elementor-element elementor-element-1490e7ae elementor-widget elementor-widget-image\" data-id=\"1490e7ae\" data-element_type=\"widget\" data-widget_type=\"image.default\">\n\t\t\t\t<div class=\"elementor-widget-container\">\n\t\t\t\t\t\t\t\t\t\t\t\t\t<img decoding=\"async\" width=\"1024\" height=\"564\" src=\"https:\/\/www.yafaesca.com\/wp-content\/uploads\/2024\/11\/Imagen-de-WhatsApp-2024-07-21-a-las-11.42.59_9f6dcdf1-1024x564.jpg\" class=\"attachment-large size-large wp-image-138\" alt=\"\" srcset=\"https:\/\/www.yafaesca.com\/wp-content\/uploads\/2024\/11\/Imagen-de-WhatsApp-2024-07-21-a-las-11.42.59_9f6dcdf1-1024x564.jpg 1024w, https:\/\/www.yafaesca.com\/wp-content\/uploads\/2024\/11\/Imagen-de-WhatsApp-2024-07-21-a-las-11.42.59_9f6dcdf1-300x165.jpg 300w, https:\/\/www.yafaesca.com\/wp-content\/uploads\/2024\/11\/Imagen-de-WhatsApp-2024-07-21-a-las-11.42.59_9f6dcdf1-768x423.jpg 768w, https:\/\/www.yafaesca.com\/wp-content\/uploads\/2024\/11\/Imagen-de-WhatsApp-2024-07-21-a-las-11.42.59_9f6dcdf1.jpg 1064w\" sizes=\"(max-width: 1024px) 100vw, 1024px\" \/>\t\t\t\t\t\t\t\t\t\t\t\t\t<\/div>\n\t\t\t\t<\/div>\n\t\t\t\t<\/div>\n\t\t<div class=\"elementor-element elementor-element-62eee978 e-con-full e-flex e-con e-child\" data-id=\"62eee978\" data-element_type=\"container\">\n\t\t\t\t<div class=\"elementor-element elementor-element-312d9836 elementor-align-left elementor-icon-list--layout-traditional elementor-list-item-link-full_width elementor-widget elementor-widget-icon-list\" data-id=\"312d9836\" data-element_type=\"widget\" data-widget_type=\"icon-list.default\">\n\t\t\t\t<div class=\"elementor-widget-container\">\n\t\t\t\t\t<ul class=\"elementor-icon-list-items\">\n\t\t\t\t\t\t\t<li class=\"elementor-icon-list-item\">\n\t\t\t\t\t\t\t\t\t\t<span class=\"elementor-icon-list-text\"><b>Direcci\u00f3n :<\/b> Jr. Jose Celendon Nro 328<\/span>\n\t\t\t\t\t\t\t\t\t<\/li>\n\t\t\t\t\t\t\t\t<li class=\"elementor-icon-list-item\">\n\t\t\t\t\t\t\t\t\t\t<span class=\"elementor-icon-list-text\"><b>Horario :<\/b>  Lunes - Viernes 8am - 5pm<br>S\u00e1bados 8am - 12pm<\/span>\n\t\t\t\t\t\t\t\t\t<\/li>\n\t\t\t\t\t\t\t\t<li class=\"elementor-icon-list-item\">\n\t\t\t\t\t\t\t\t\t\t<span class=\"elementor-icon-list-text\"><b>Tel. :<\/b> +51 976 832 714<\/span>\n\t\t\t\t\t\t\t\t\t<\/li>\n\t\t\t\t\t\t\t\t<li class=\"elementor-icon-list-item\">\n\t\t\t\t\t\t\t\t\t\t<span class=\"elementor-icon-list-text\"><b>Correo:<\/b> info@pozima.com<\/span>\n\t\t\t\t\t\t\t\t\t<\/li>\n\t\t\t\t\t\t<\/ul>\n\t\t\t\t<\/div>\n\t\t\t\t<\/div>\n\t\t\t\t<\/div>\n\t\t\t\t<\/div>\n\t\t<div class=\"elementor-element elementor-element-53261fe7 e-con-full e-flex e-con e-parent\" data-id=\"53261fe7\" data-element_type=\"container\">\n\t\t<div class=\"elementor-element elementor-element-2564ba0f e-con-full e-flex e-con e-child\" data-id=\"2564ba0f\" data-element_type=\"container\" data-settings=\"{&quot;background_background&quot;:&quot;classic&quot;}\">\n\t\t\t\t<div class=\"elementor-element elementor-element-24790473 elementor-widget elementor-widget-google_maps\" data-id=\"24790473\" data-element_type=\"widget\" data-widget_type=\"google_maps.default\">\n\t\t\t\t<div class=\"elementor-widget-container\">\n\t\t\t\t\t<div class=\"elementor-custom-embed\">\n\t\t\t<iframe loading=\"lazy\"\n\t\t\t\t\tsrc=\"https:\/\/maps.google.com\/maps?q=C.%20Jos%C3%A9%20Celendon&#038;t=m&#038;z=17&#038;output=embed&#038;iwloc=near\"\n\t\t\t\t\ttitle=\"C. Jos\u00e9 Celendon\"\n\t\t\t\t\taria-label=\"C. Jos\u00e9 Celendon\"\n\t\t\t><\/iframe>\n\t\t<\/div>\n\t\t\t\t<\/div>\n\t\t\t\t<\/div>\n\t\t\t\t<\/div>\n\t\t<div class=\"elementor-element elementor-element-613ba0bb e-con-full e-flex e-con e-child\" data-id=\"613ba0bb\" data-element_type=\"container\">\n\t\t\t\t<div class=\"elementor-element elementor-element-7f8471d elementor-widget elementor-widget-heading\" data-id=\"7f8471d\" data-element_type=\"widget\" data-widget_type=\"heading.default\">\n\t\t\t\t<div class=\"elementor-widget-container\">\n\t\t\t<h2 class=\"elementor-heading-title elementor-size-default\">Visitanos<\/h2>\t\t<\/div>\n\t\t\t\t<\/div>\n\t\t\t\t<div class=\"elementor-element elementor-element-123abe9d elementor-widget elementor-widget-icon-box\" data-id=\"123abe9d\" data-element_type=\"widget\" data-widget_type=\"icon-box.default\">\n\t\t\t\t<div class=\"elementor-widget-container\">\n\t\t\t\t\t<div class=\"elementor-icon-box-wrapper\">\n\n\t\t\t\n\t\t\t\t\t\t<div class=\"elementor-icon-box-content\">\n\n\t\t\t\t\t\t\t\t\t<h4 class=\"elementor-icon-box-title\">\n\t\t\t\t\t\t<span  >\n\t\t\t\t\t\t\tDirecci\u00f3n:\t\t\t\t\t\t<\/span>\n\t\t\t\t\t<\/h4>\n\t\t\t\t\n\t\t\t\t\t\t\t\t\t<p class=\"elementor-icon-box-description\">\n\t\t\t\t\t\tJr. Jose celendon Nro. 328\t\t\t\t\t<\/p>\n\t\t\t\t\n\t\t\t<\/div>\n\t\t\t\n\t\t<\/div>\n\t\t\t\t<\/div>\n\t\t\t\t<\/div>\n\t\t\t\t<\/div>\n\t\t\t\t<\/div>\n\t\t\t\t<\/div>\n\t\t","protected":false},"excerpt":{"rendered":"<p>contactanos Nos encantar\u00eda saber de usted. No dude en comunicarse utilizandolos detalles a continuaci\u00f3n. Direcci\u00f3n : Jr. Jose Celendon Nro [&hellip;]<\/p>\n","protected":false},"author":1,"featured_media":0,"parent":0,"menu_order":0,"comment_status":"closed","ping_status":"closed","template":"","meta":{"_uag_custom_page_level_css":"","site-sidebar-layout":"no-sidebar","site-content-layout":"","ast-site-content-layout":"full-width-container","site-content-style":"default","site-sidebar-style":"default","ast-global-header-display":"","ast-banner-title-visibility":"","ast-main-header-display":"","ast-hfb-above-header-display":"","ast-hfb-below-header-display":"","ast-hfb-mobile-header-display":"","site-post-title":"disabled","ast-breadcrumbs-content":"","ast-featured-img":"disabled","footer-sml-layout":"","theme-transparent-header-meta":"","adv-header-id-meta":"","stick-header-meta":"","header-above-stick-meta":"","header-main-stick-meta":"","header-below-stick-meta":"","astra-migrate-meta-layouts":"default","ast-page-background-enabled":"default","ast-page-background-meta":{"desktop":{"background-color":"var(--ast-global-color-4)","background-image":"","background-repeat":"repeat","background-position":"center center","background-size":"auto","background-attachment":"scroll","background-type":"","background-media":"","overlay-type":"","overlay-color":"","overlay-opacity":"","overlay-gradient":""},"tablet":{"background-color":"","background-image":"","background-repeat":"repeat","background-position":"center center","background-size":"auto","background-attachment":"scroll","background-type":"","background-media":"","overlay-type":"","overlay-color":"","overlay-opacity":"","overlay-gradient":""},"mobile":{"background-color":"","background-image":"","background-repeat":"repeat","background-position":"center center","background-size":"auto","background-attachment":"scroll","background-type":"","background-media":"","overlay-type":"","overlay-color":"","overlay-opacity":"","overlay-gradient":""}},"ast-content-background-meta":{"desktop":{"background-color":"var(--ast-global-color-5)","background-image":"","background-repeat":"repeat","background-position":"center center","background-size":"auto","background-attachment":"scroll","background-type":"","background-media":"","overlay-type":"","overlay-color":"","overlay-opacity":"","overlay-gradient":""},"tablet":{"background-color":"var(--ast-global-color-5)","background-image":"","background-repeat":"repeat","background-position":"center center","background-size":"auto","background-attachment":"scroll","background-type":"","background-media":"","overlay-type":"","overlay-color":"","overlay-opacity":"","overlay-gradient":""},"mobile":{"background-color":"var(--ast-global-color-5)","background-image":"","background-repeat":"repeat","background-position":"center center","background-size":"auto","background-attachment":"scroll","background-type":"","background-media":"","overlay-type":"","overlay-color":"","overlay-opacity":"","overlay-gradient":""}},"footnotes":""},"class_list":["post-56","page","type-page","status-publish","hentry"],"uagb_featured_image_src":{"full":false,"thumbnail":false,"medium":false,"medium_large":false,"large":false,"1536x1536":false,"2048x2048":false},"uagb_author_info":{"display_name":"admin","author_link":"https:\/\/www.yafaesca.com\/index.php\/author\/admin_lh33cu0u\/"},"uagb_comment_info":0,"uagb_excerpt":"contactanos Nos encantar\u00eda saber de usted. No dude en comunicarse utilizandolos detalles a continuaci\u00f3n. Direcci\u00f3n : Jr. Jose Celendon Nro [&hellip;]","_links":{"self":[{"href":"https:\/\/www.yafaesca.com\/index.php\/wp-json\/wp\/v2\/pages\/56","targetHints":{"allow":["GET"]}}],"collection":[{"href":"https:\/\/www.yafaesca.com\/index.php\/wp-json\/wp\/v2\/pages"}],"about":[{"href":"https:\/\/www.yafaesca.com\/index.php\/wp-json\/wp\/v2\/types\/page"}],"author":[{"embeddable":true,"href":"https:\/\/www.yafaesca.com\/index.php\/wp-json\/wp\/v2\/users\/1"}],"replies":[{"embeddable":true,"href":"https:\/\/www.yafaesca.com\/index.php\/wp-json\/wp\/v2\/comments?post=56"}],"version-history":[{"count":22,"href":"https:\/\/www.yafaesca.com\/index.php\/wp-json\/wp\/v2\/pages\/56\/revisions"}],"predecessor-version":[{"id":162,"href":"https:\/\/www.yafaesca.com\/index.php\/wp-json\/wp\/v2\/pages\/56\/revisions\/162"}],"wp:attachment":[{"href":"https:\/\/www.yafaesca.com\/index.php\/wp-json\/wp\/v2\/media?parent=56"}],"curies":[{"name":"wp","href":"https:\/\/api.w.org\/{rel}","templated":true}]}}