{"id":54,"date":"2024-05-31T00:50:55","date_gmt":"2024-05-31T00:50:55","guid":{"rendered":"https:\/\/www.yafaesca.com\/?page_id=54"},"modified":"2024-11-19T01:55:39","modified_gmt":"2024-11-19T01:55:39","slug":"servicios","status":"publish","type":"page","link":"https:\/\/www.yafaesca.com\/index.php\/servicios\/","title":{"rendered":"Servicios"},"content":{"rendered":"\t\t<div data-elementor-type=\"wp-page\" data-elementor-id=\"54\" class=\"elementor elementor-54\">\n\t\t\t\t<div class=\"elementor-element elementor-element-b467d23 e-flex e-con-boxed e-con e-parent\" data-id=\"b467d23\" data-element_type=\"container\">\n\t\t\t\t\t<div class=\"e-con-inner\">\n\t\t\t\t<div class=\"elementor-element elementor-element-ed67cb5 elementor-widget elementor-widget-heading\" data-id=\"ed67cb5\" data-element_type=\"widget\" data-widget_type=\"heading.default\">\n\t\t\t\t<div class=\"elementor-widget-container\">\n\t\t\t<h2 class=\"elementor-heading-title elementor-size-default\"><b><i>DESCUBRE UN MUNDO DE POSIBILIDADES PARA TU NEGOCIO<\/i><\/b><\/h2>\t\t<\/div>\n\t\t\t\t<\/div>\n\t\t\t\t\t<\/div>\n\t\t\t\t<\/div>\n\t\t<div class=\"elementor-element elementor-element-dcf1b52 e-grid e-con-boxed e-con e-parent\" data-id=\"dcf1b52\" data-element_type=\"container\">\n\t\t\t\t\t<div class=\"e-con-inner\">\n\t\t\t\t<div class=\"elementor-element elementor-element-56a4505 elementor-widget elementor-widget-image\" data-id=\"56a4505\" data-element_type=\"widget\" data-widget_type=\"image.default\">\n\t\t\t\t<div class=\"elementor-widget-container\">\n\t\t\t\t\t\t\t\t\t\t\t\t\t<img fetchpriority=\"high\" decoding=\"async\" width=\"1024\" height=\"763\" src=\"https:\/\/www.yafaesca.com\/wp-content\/uploads\/2024\/11\/Imagen-de-WhatsApp-2024-07-21-a-las-11.42.55_649e5876-1024x763.jpg\" class=\"attachment-large size-large wp-image-104\" alt=\"\" srcset=\"https:\/\/www.yafaesca.com\/wp-content\/uploads\/2024\/11\/Imagen-de-WhatsApp-2024-07-21-a-las-11.42.55_649e5876-1024x763.jpg 1024w, https:\/\/www.yafaesca.com\/wp-content\/uploads\/2024\/11\/Imagen-de-WhatsApp-2024-07-21-a-las-11.42.55_649e5876-300x223.jpg 300w, https:\/\/www.yafaesca.com\/wp-content\/uploads\/2024\/11\/Imagen-de-WhatsApp-2024-07-21-a-las-11.42.55_649e5876-768x572.jpg 768w, https:\/\/www.yafaesca.com\/wp-content\/uploads\/2024\/11\/Imagen-de-WhatsApp-2024-07-21-a-las-11.42.55_649e5876.jpg 1082w\" sizes=\"(max-width: 1024px) 100vw, 1024px\" \/>\t\t\t\t\t\t\t\t\t\t\t\t\t<\/div>\n\t\t\t\t<\/div>\n\t\t\t\t<div class=\"elementor-element elementor-element-0274c02 elementor-widget elementor-widget-text-editor\" data-id=\"0274c02\" data-element_type=\"widget\" data-widget_type=\"text-editor.default\">\n\t\t\t\t<div class=\"elementor-widget-container\">\n\t\t\t\t\t\t\t<h2 style=\"text-align: center;\"><strong>Expansi\u00f3n del potencial de los polvos<\/strong><\/h2><p style=\"text-align: center;\"><strong>Ya sea que produzca ingredientes b\u00e1sicos en polvo a partir de leche, suero o plantas , o alimentos y bebidas en polvo altamente especializados, como su socio nos aseguramos de que obtenga las propiedades exactas que busca. Combinamos nuestros conocimientos de los consumidores, con nuestra experiencia en el tratamiento de recetas, propiedades del polvo e inocuidad alimentaria, para ayudarte a lanzar al mercado nuevos polvos de calidad.<\/strong><\/p>\t\t\t\t\t\t<\/div>\n\t\t\t\t<\/div>\n\t\t\t\t<div class=\"elementor-element elementor-element-1d72cf3 elementor-widget elementor-widget-text-editor\" data-id=\"1d72cf3\" data-element_type=\"widget\" data-widget_type=\"text-editor.default\">\n\t\t\t\t<div class=\"elementor-widget-container\">\n\t\t\t\t\t\t\t<h2 style=\"text-align: center;\"><strong>Desarrollo de producto innovador<\/strong><\/h2><p style=\"text-align: center;\"><strong>Colabora con nuestros expertos en desarrollo de productos para ser pioneros en opciones de bebidas nuevas y m\u00e1s saludables, y para mejorar las aplicaciones actuales. Esto garantizar\u00e1 que su oferta se alinee sin problemas con las tendencias del mercado en constante evoluci\u00f3n.<\/strong><\/p>\t\t\t\t\t\t<\/div>\n\t\t\t\t<\/div>\n\t\t\t\t<div class=\"elementor-element elementor-element-0fd86a0 elementor-widget elementor-widget-image\" data-id=\"0fd86a0\" data-element_type=\"widget\" data-widget_type=\"image.default\">\n\t\t\t\t<div class=\"elementor-widget-container\">\n\t\t\t\t\t\t\t\t\t\t\t\t\t<img decoding=\"async\" width=\"660\" height=\"1024\" src=\"https:\/\/www.yafaesca.com\/wp-content\/uploads\/2024\/11\/Imagen-de-WhatsApp-2024-07-21-a-las-11.42.52_89c8165a-660x1024.jpg\" class=\"attachment-large size-large wp-image-123\" alt=\"\" srcset=\"https:\/\/www.yafaesca.com\/wp-content\/uploads\/2024\/11\/Imagen-de-WhatsApp-2024-07-21-a-las-11.42.52_89c8165a-660x1024.jpg 660w, https:\/\/www.yafaesca.com\/wp-content\/uploads\/2024\/11\/Imagen-de-WhatsApp-2024-07-21-a-las-11.42.52_89c8165a-193x300.jpg 193w, https:\/\/www.yafaesca.com\/wp-content\/uploads\/2024\/11\/Imagen-de-WhatsApp-2024-07-21-a-las-11.42.52_89c8165a-768x1192.jpg 768w, https:\/\/www.yafaesca.com\/wp-content\/uploads\/2024\/11\/Imagen-de-WhatsApp-2024-07-21-a-las-11.42.52_89c8165a.jpg 825w\" sizes=\"(max-width: 660px) 100vw, 660px\" \/>\t\t\t\t\t\t\t\t\t\t\t\t\t<\/div>\n\t\t\t\t<\/div>\n\t\t\t\t<div class=\"elementor-element elementor-element-7acef23 elementor-widget elementor-widget-image\" data-id=\"7acef23\" data-element_type=\"widget\" data-widget_type=\"image.default\">\n\t\t\t\t<div class=\"elementor-widget-container\">\n\t\t\t\t\t\t\t\t\t\t\t\t\t<img decoding=\"async\" width=\"1024\" height=\"530\" src=\"https:\/\/www.yafaesca.com\/wp-content\/uploads\/2024\/11\/Imagen-de-WhatsApp-2024-07-21-a-las-11.42.52_c7da77d8-1024x530.jpg\" class=\"attachment-large size-large wp-image-124\" alt=\"\" srcset=\"https:\/\/www.yafaesca.com\/wp-content\/uploads\/2024\/11\/Imagen-de-WhatsApp-2024-07-21-a-las-11.42.52_c7da77d8-1024x530.jpg 1024w, https:\/\/www.yafaesca.com\/wp-content\/uploads\/2024\/11\/Imagen-de-WhatsApp-2024-07-21-a-las-11.42.52_c7da77d8-300x155.jpg 300w, https:\/\/www.yafaesca.com\/wp-content\/uploads\/2024\/11\/Imagen-de-WhatsApp-2024-07-21-a-las-11.42.52_c7da77d8-768x398.jpg 768w, https:\/\/www.yafaesca.com\/wp-content\/uploads\/2024\/11\/Imagen-de-WhatsApp-2024-07-21-a-las-11.42.52_c7da77d8.jpg 1078w\" sizes=\"(max-width: 1024px) 100vw, 1024px\" \/>\t\t\t\t\t\t\t\t\t\t\t\t\t<\/div>\n\t\t\t\t<\/div>\n\t\t\t\t<div class=\"elementor-element elementor-element-b65b036 elementor-widget elementor-widget-text-editor\" data-id=\"b65b036\" data-element_type=\"widget\" data-widget_type=\"text-editor.default\">\n\t\t\t\t<div class=\"elementor-widget-container\">\n\t\t\t\t\t\t\t<h2 style=\"text-align: center;\">Un mundo de Posibilidades<\/h2><p style=\"text-align: center;\"><strong>Encuentra todas las opciones que te podemos dar para el desarrollo de tus productos y el crecimiento de tu empresa o emprendimiento.<\/strong><\/p><p>\u00a0<\/p>\t\t\t\t\t\t<\/div>\n\t\t\t\t<\/div>\n\t\t\t\t\t<\/div>\n\t\t\t\t<\/div>\n\t\t\t\t<\/div>\n\t\t","protected":false},"excerpt":{"rendered":"<p>DESCUBRE UN MUNDO DE POSIBILIDADES PARA TU NEGOCIO Expansi\u00f3n del potencial de los polvos Ya sea que produzca ingredientes b\u00e1sicos [&hellip;]<\/p>\n","protected":false},"author":1,"featured_media":0,"parent":0,"menu_order":0,"comment_status":"closed","ping_status":"closed","template":"","meta":{"_uag_custom_page_level_css":"","site-sidebar-layout":"no-sidebar","site-content-layout":"","ast-site-content-layout":"full-width-container","site-content-style":"default","site-sidebar-style":"default","ast-global-header-display":"","ast-banner-title-visibility":"","ast-main-header-display":"","ast-hfb-above-header-display":"","ast-hfb-below-header-display":"","ast-hfb-mobile-header-display":"","site-post-title":"disabled","ast-breadcrumbs-content":"","ast-featured-img":"disabled","footer-sml-layout":"","theme-transparent-header-meta":"","adv-header-id-meta":"","stick-header-meta":"","header-above-stick-meta":"","header-main-stick-meta":"","header-below-stick-meta":"","astra-migrate-meta-layouts":"default","ast-page-background-enabled":"default","ast-page-background-meta":{"desktop":{"background-color":"var(--ast-global-color-4)","background-image":"","background-repeat":"repeat","background-position":"center center","background-size":"auto","background-attachment":"scroll","background-type":"","background-media":"","overlay-type":"","overlay-color":"","overlay-opacity":"","overlay-gradient":""},"tablet":{"background-color":"","background-image":"","background-repeat":"repeat","background-position":"center center","background-size":"auto","background-attachment":"scroll","background-type":"","background-media":"","overlay-type":"","overlay-color":"","overlay-opacity":"","overlay-gradient":""},"mobile":{"background-color":"","background-image":"","background-repeat":"repeat","background-position":"center center","background-size":"auto","background-attachment":"scroll","background-type":"","background-media":"","overlay-type":"","overlay-color":"","overlay-opacity":"","overlay-gradient":""}},"ast-content-background-meta":{"desktop":{"background-color":"var(--ast-global-color-5)","background-image":"","background-repeat":"repeat","background-position":"center center","background-size":"auto","background-attachment":"scroll","background-type":"","background-media":"","overlay-type":"","overlay-color":"","overlay-opacity":"","overlay-gradient":""},"tablet":{"background-color":"var(--ast-global-color-5)","background-image":"","background-repeat":"repeat","background-position":"center center","background-size":"auto","background-attachment":"scroll","background-type":"","background-media":"","overlay-type":"","overlay-color":"","overlay-opacity":"","overlay-gradient":""},"mobile":{"background-color":"var(--ast-global-color-5)","background-image":"","background-repeat":"repeat","background-position":"center center","background-size":"auto","background-attachment":"scroll","background-type":"","background-media":"","overlay-type":"","overlay-color":"","overlay-opacity":"","overlay-gradient":""}},"footnotes":""},"class_list":["post-54","page","type-page","status-publish","hentry"],"uagb_featured_image_src":{"full":false,"thumbnail":false,"medium":false,"medium_large":false,"large":false,"1536x1536":false,"2048x2048":false},"uagb_author_info":{"display_name":"admin","author_link":"https:\/\/www.yafaesca.com\/index.php\/author\/admin_lh33cu0u\/"},"uagb_comment_info":0,"uagb_excerpt":"DESCUBRE UN MUNDO DE POSIBILIDADES PARA TU NEGOCIO Expansi\u00f3n del potencial de los polvos Ya sea que produzca ingredientes b\u00e1sicos [&hellip;]","_links":{"self":[{"href":"https:\/\/www.yafaesca.com\/index.php\/wp-json\/wp\/v2\/pages\/54","targetHints":{"allow":["GET"]}}],"collection":[{"href":"https:\/\/www.yafaesca.com\/index.php\/wp-json\/wp\/v2\/pages"}],"about":[{"href":"https:\/\/www.yafaesca.com\/index.php\/wp-json\/wp\/v2\/types\/page"}],"author":[{"embeddable":true,"href":"https:\/\/www.yafaesca.com\/index.php\/wp-json\/wp\/v2\/users\/1"}],"replies":[{"embeddable":true,"href":"https:\/\/www.yafaesca.com\/index.php\/wp-json\/wp\/v2\/comments?post=54"}],"version-history":[{"count":7,"href":"https:\/\/www.yafaesca.com\/index.php\/wp-json\/wp\/v2\/pages\/54\/revisions"}],"predecessor-version":[{"id":197,"href":"https:\/\/www.yafaesca.com\/index.php\/wp-json\/wp\/v2\/pages\/54\/revisions\/197"}],"wp:attachment":[{"href":"https:\/\/www.yafaesca.com\/index.php\/wp-json\/wp\/v2\/media?parent=54"}],"curies":[{"name":"wp","href":"https:\/\/api.w.org\/{rel}","templated":true}]}}