{"id":49,"date":"2024-05-30T21:48:39","date_gmt":"2024-05-30T21:48:39","guid":{"rendered":"https:\/\/www.yafaesca.com\/?page_id=49"},"modified":"2024-11-19T01:18:58","modified_gmt":"2024-11-19T01:18:58","slug":"inicio","status":"publish","type":"page","link":"https:\/\/www.yafaesca.com\/","title":{"rendered":"Inicio"},"content":{"rendered":"\t\t<div data-elementor-type=\"wp-page\" data-elementor-id=\"49\" class=\"elementor elementor-49\">\n\t\t\t\t<div class=\"elementor-element elementor-element-2d0732a7 e-flex e-con-boxed e-con e-parent\" data-id=\"2d0732a7\" data-element_type=\"container\">\n\t\t\t\t\t<div class=\"e-con-inner\">\n\t\t\t\t<div class=\"elementor-element elementor-element-71a64d6 elementor-widget elementor-widget-text-editor\" data-id=\"71a64d6\" data-element_type=\"widget\" data-widget_type=\"text-editor.default\">\n\t\t\t\t<div class=\"elementor-widget-container\">\n\t\t\t\t\t\t\t<div class=\"wp-block-uagb-container uagb-block-a3wk8orb alignfull uagb-is-root-container\">\n<p><!-- wp:uagb\/info-box {\"classMigrate\":true,\"tempHeadingDesc\":\"Nos especializamos en \\u003cstrong\\u003ealimentos deshidratados que son saludables y convenientes, brindando una manera f\u00e1cil y deliciosa de disfrutar los sabores sin perder sus propiedades naturales.\\u003c\/strong\\u003e\",\"headingAlignTablet\":\"center\",\"headingColor\":\"var(\\u002d\\u002dast-global-color-2)\",\"subHeadingColor\":\"var(\\u002d\\u002dast-global-color-3)\",\"prefixColor\":\"var(\\u002d\\u002dast-global-color-2)\",\"prefixFontSize\":16,\"prefixFontSizeTablet\":16,\"prefixFontSizeMobile\":15,\"prefixFontWeight\":\"500\",\"prefixLineHeight\":1,\"prefixLineHeightTablet\":1,\"prefixTransform\":\"uppercase\",\"prefixLineHeightMobile\":1,\"prefixHeadingTag\":\"p\",\"headingTag\":\"h1\",\"headFontSize\":36,\"headSpace\":20,\"subHeadSpace\":0,\"block_id\":\"297gurrt\",\"ctaBorderColor\":\"\",\"ctaBorderStyle\":\"\",\"showPrefix\":true,\"showIcon\":false,\"prefixTopMargin\":0,\"prefixRightMargin\":0,\"prefixSpace\":24,\"prefixLeftMargin\":0,\"prefixMarginTopTablet\":0,\"prefixMarginRightTablet\":0,\"prefixTabletSpace\":20,\"prefixMarginLeftTablet\":0,\"prefixMarginTopMobile\":0,\"prefixMarginRightMobile\":0,\"prefixMobileSpace\":16,\"prefixMarginLeftMobile\":0,\"prefixLetterSpacing\":2,\"prefixLetterSpacingTablet\":2,\"prefixLetterSpacingMobile\":2,\"headTopMargin\":0,\"headRightMargin\":0,\"headLeftMargin\":0,\"headMarginTopTablet\":0,\"headMarginRightTablet\":0,\"headTabletSpace\":16,\"headMarginLeftTablet\":0,\"headMarginTopMobile\":0,\"headMarginRightMobile\":0,\"headMobileSpace\":12,\"headMarginLeftMobile\":0,\"blockTopPadding\":0,\"blockRightPadding\":25,\"blockLeftPadding\":25,\"blockBottomPadding\":0,\"blockTopPaddingTablet\":0,\"blockRightPaddingTablet\":32,\"blockLeftPaddingTablet\":32,\"blockBottomPaddingTablet\":0,\"blockTopPaddingMobile\":0,\"blockRightPaddingMobile\":24,\"blockLeftPaddingMobile\":24,\"blockBottomPaddingMobile\":0,\"blockPaddingUnit\":\"%\",\"blockPaddingLink\":false,\"blockTopMargin\":0,\"blockRightMargin\":0,\"blockLeftMargin\":0,\"blockBottomMargin\":0,\"blockTopMarginMobile\":0,\"blockRightMarginMobile\":0,\"blockLeftMarginMobile\":0,\"blockBottomMarginMobile\":-40,\"blockMarginLink\":false,\"subHeadTopMargin\":0,\"subHeadRightMargin\":15,\"subHeadLeftMargin\":15,\"subHeadMarginTopTablet\":0,\"subHeadMarginRightTablet\":8,\"subHeadTabletSpace\":0,\"subHeadMarginLeftTablet\":8,\"subHeadMarginTopMobile\":0,\"subHeadMarginRightMobile\":0,\"subHeadMobileSpace\":0,\"subHeadMarginLeftMobile\":0,\"subHeadSpaceUnit\":\"%\",\"subHeadTabletMarginUnit\":\"%\",\"btnBorderTopWidth\":1,\"btnBorderLeftWidth\":1,\"btnBorderRightWidth\":1,\"btnBorderBottomWidth\":1,\"btnBorderTopLeftRadius\":0,\"btnBorderTopRightRadius\":0,\"btnBorderBottomLeftRadius\":0,\"btnBorderBottomRightRadius\":0,\"btnBorderStyle\":\"solid\",\"btnBorderColor\":\"#333\"} --><\/p>\n<div class=\"wp-block-uagb-info-box uagb-block-297gurrt uagb-infobox__content-wrap uagb-infobox-icon-above-title uagb-infobox-image-valign-top wp-block-uagb-info-box--has-margin\">\n<div class=\"uagb-infobox-margin-wrapper\">\n<div class=\"uagb-ifb-content\">\n<div class=\"uagb-ifb-title-wrap\">\n<p class=\"uagb-ifb-title-prefix\">ALIMENTOS SIN LIMITE<\/p>\n<h1 class=\"uagb-ifb-title\"><strong>Experiencia en desarrollo de productos Alimenticios<\/strong><\/h1>\n<\/div>\n<p class=\"uagb-ifb-desc\">Nos especializamos en <strong>alimentos deshidratados que son saludables y convenientes, brindando una manera f\u00e1cil y deliciosa de disfrutar los sabores sin perder sus propiedades naturales.<\/strong><\/p>\n<\/div>\n<\/div>\n<\/div>\n<p><!-- \/wp:uagb\/info-box --><!-- wp:uagb\/buttons {\"block_id\":\"voafzs3c\",\"classMigrate\":true,\"childMigrate\":true,\"alignMobile\":\"full\",\"gap\":20,\"gapMobile\":20,\"stack\":\"mobile\",\"topMargin\":0,\"rightMargin\":0,\"bottomMargin\":72,\"leftMargin\":0,\"topMarginTablet\":0,\"rightMarginTablet\":0,\"bottomMarginTablet\":48,\"leftMarginTablet\":0,\"topMarginMobile\":0,\"rightMarginMobile\":24,\"bottomMarginMobile\":0,\"leftMarginMobile\":24,\"verticalAlignment\":\"bottom\"} --><\/p>\n<div class=\"wp-block-uagb-buttons uagb-buttons__outer-wrap uagb-btn__default-btn uagb-btn-tablet__default-btn uagb-btn-mobile__default-btn uagb-block-voafzs3c\">\n<div class=\"uagb-buttons__wrap uagb-buttons-layout-wrap \">\n<p><!-- wp:uagb\/buttons-child {\"inheritFromTheme\":true,\"buttonType\":\"secondary\",\"block_id\":\"nod5col5\",\"label\":\"Leer mas...\",\"link\":\"https:\/\/www.yafaesca.com\/index.php\/nosotros\/\",\"color\":\"var(\\u002d\\u002dast-global-color-2)\",\"hColor\":\"#ffffff\",\"hBackground\":\"var(\\u002d\\u002dast-global-color-1)\",\"backgroundType\":\"transparent\",\"topMargin\":0,\"rightMargin\":0,\"bottomMargin\":0,\"leftMargin\":0,\"topMarginTablet\":0,\"rightMarginTablet\":0,\"bottomMarginTablet\":0,\"leftMarginTablet\":0,\"topMarginMobile\":0,\"rightMarginMobile\":0,\"bottomMarginMobile\":0,\"leftMarginMobile\":0,\"borderStyle\":\"\",\"borderColor\":\"\",\"borderHColor\":\"\",\"btnBorderTopWidth\":1,\"btnBorderLeftWidth\":1,\"btnBorderRightWidth\":1,\"btnBorderBottomWidth\":1,\"btnBorderTopLeftRadius\":4,\"btnBorderTopRightRadius\":4,\"btnBorderBottomLeftRadius\":4,\"btnBorderBottomRightRadius\":4,\"btnBorderTopWidthTablet\":1,\"btnBorderLeftWidthTablet\":1,\"btnBorderRightWidthTablet\":1,\"btnBorderBottomWidthTablet\":1,\"btnBorderTopLeftRadiusTablet\":4,\"btnBorderTopRightRadiusTablet\":4,\"btnBorderBottomLeftRadiusTablet\":4,\"btnBorderBottomRightRadiusTablet\":4,\"btnBorderStyle\":\"solid\",\"btnBorderColor\":\"var(\\u002d\\u002dast-global-color-2)\",\"btnBorderHColor\":\"var(\\u002d\\u002dast-global-color-1)\"} --><\/p>\n<div class=\"wp-block-uagb-buttons-child uagb-buttons__outer-wrap uagb-block-nod5col5 wp-block-button\">\n<div class=\"uagb-button__wrapper\">\n<div class=\"uagb-button__link\">Leer mas&#8230;<\/div>\n<\/div>\n<\/div>\n<p><!-- \/wp:uagb\/buttons-child --><\/p>\n<\/div>\n<\/div>\n<p><!-- \/wp:uagb\/buttons --><\/p>\n<\/div>\n<p><!-- \/wp:uagb\/container --><!-- wp:image {\"id\":93,\"sizeSlug\":\"large\",\"linkDestination\":\"none\"} --><\/p>\n<figure class=\"wp-block-image size-large\"><img fetchpriority=\"high\" decoding=\"async\" width=\"1252\" height=\"705\" class=\"wp-image-93\" src=\"https:\/\/www.yafaesca.com\/wp-content\/uploads\/2024\/05\/1-edited.jpg\" alt=\"\" srcset=\"https:\/\/www.yafaesca.com\/wp-content\/uploads\/2024\/05\/1-edited.jpg 1252w, https:\/\/www.yafaesca.com\/wp-content\/uploads\/2024\/05\/1-edited-300x169.jpg 300w, https:\/\/www.yafaesca.com\/wp-content\/uploads\/2024\/05\/1-edited-1024x577.jpg 1024w, https:\/\/www.yafaesca.com\/wp-content\/uploads\/2024\/05\/1-edited-768x432.jpg 768w\" sizes=\"(max-width: 1252px) 100vw, 1252px\" \/><\/figure>\n<div class=\"wp-block-uagb-buttons uagb-buttons__outer-wrap uagb-btn__default-btn uagb-btn-tablet__default-btn uagb-btn-mobile__default-btn uagb-block-e79befb9\">\n<div class=\"uagb-buttons__wrap uagb-buttons-layout-wrap \">\n<p><!-- \/wp:uagb\/buttons-child --><\/p>\n<\/div>\n<\/div>\n<p><!-- \/wp:uagb\/buttons --><!-- wp:uagb\/call-to-action {\"classMigrate\":true,\"titleColor\":\"\",\"block_id\":\"c5c2bd10\",\"btnBorderTopWidth\":1,\"btnBorderLeftWidth\":1,\"btnBorderRightWidth\":1,\"btnBorderBottomWidth\":1,\"btnBorderTopLeftRadius\":0,\"btnBorderTopRightRadius\":0,\"btnBorderBottomLeftRadius\":0,\"btnBorderBottomRightRadius\":0,\"btnBorderStyle\":\"solid\",\"btnBorderColor\":\"#333\"} --><\/p>\n<div class=\"wp-block-uagb-call-to-action uagb-block-c5c2bd10 wp-block-button\">\n<div class=\"uagb-cta__wrap\">\n<h3 class=\"uagb-cta__title\">\u00a0<\/h3>\n<\/div>\n<\/div>\n<p><!-- \/wp:uagb\/call-to-action --><\/p>\t\t\t\t\t\t<\/div>\n\t\t\t\t<\/div>\n\t\t\t\t\t<\/div>\n\t\t\t\t<\/div>\n\t\t<div class=\"elementor-element elementor-element-d22fe69 e-flex e-con-boxed e-con e-parent\" data-id=\"d22fe69\" data-element_type=\"container\">\n\t\t\t\t\t<div class=\"e-con-inner\">\n\t\t\t\t<div class=\"elementor-element elementor-element-4755e7b elementor-widget elementor-widget-heading\" data-id=\"4755e7b\" data-element_type=\"widget\" data-widget_type=\"heading.default\">\n\t\t\t\t<div class=\"elementor-widget-container\">\n\t\t\t<h1 class=\"elementor-heading-title elementor-size-default\"><p><span lang=\"ES-PE\">Beneficios de los alimentos deshidratados<\/span><span style=\"color: var( --e-global-color-primary );font-family: var( --e-global-typography-primary-font-family ), Sans-serif;font-size: 1.875rem;font-style: inherit;font-weight: var( --e-global-typography-primary-font-weight );text-align: var(--text-align);background-color: var(--ast-global-color-5)\"><\/span><\/p><\/h1>\t\t<\/div>\n\t\t\t\t<\/div>\n\t\t\t\t\t<\/div>\n\t\t\t\t<\/div>\n\t\t<div class=\"elementor-element elementor-element-57d49e5 e-flex e-con-boxed e-con e-parent\" data-id=\"57d49e5\" data-element_type=\"container\">\n\t\t\t\t\t<div class=\"e-con-inner\">\n\t\t<div class=\"elementor-element elementor-element-75247b9 e-con-full e-flex e-con e-child\" data-id=\"75247b9\" data-element_type=\"container\">\n\t\t\t\t<div class=\"elementor-element elementor-element-418bcaa elementor-widget elementor-widget-text-editor\" data-id=\"418bcaa\" data-element_type=\"widget\" data-widget_type=\"text-editor.default\">\n\t\t\t\t<div class=\"elementor-widget-container\">\n\t\t\t\t\t\t\t<h3 style=\"text-align: center;\"><em><strong>Alimentos ricos en nutrientes<\/strong><\/em><\/h3>\t\t\t\t\t\t<\/div>\n\t\t\t\t<\/div>\n\t\t\t\t<\/div>\n\t\t<div class=\"elementor-element elementor-element-fa07bbb e-con-full e-flex e-con e-child\" data-id=\"fa07bbb\" data-element_type=\"container\">\n\t\t\t\t<div class=\"elementor-element elementor-element-d07cff8 elementor-widget elementor-widget-text-editor\" data-id=\"d07cff8\" data-element_type=\"widget\" data-widget_type=\"text-editor.default\">\n\t\t\t\t<div class=\"elementor-widget-container\">\n\t\t\t\t\t\t\t<h3 style=\"text-align: center;\"><em><strong>F\u00e1cil de almacenar<\/strong><\/em><\/h3>\t\t\t\t\t\t<\/div>\n\t\t\t\t<\/div>\n\t\t\t\t<\/div>\n\t\t<div class=\"elementor-element elementor-element-1d87672 e-con-full e-flex e-con e-child\" data-id=\"1d87672\" data-element_type=\"container\">\n\t\t\t\t<div class=\"elementor-element elementor-element-4dfe007 elementor-widget elementor-widget-text-editor\" data-id=\"4dfe007\" data-element_type=\"widget\" data-widget_type=\"text-editor.default\">\n\t\t\t\t<div class=\"elementor-widget-container\">\n\t\t\t\t\t\t\t<h3 style=\"text-align: center;\"><em><strong>Larga vida \u00fatil<\/strong><\/em><\/h3>\t\t\t\t\t\t<\/div>\n\t\t\t\t<\/div>\n\t\t\t\t<\/div>\n\t\t<div class=\"elementor-element elementor-element-f5f3dd4 e-con-full e-flex e-con e-child\" data-id=\"f5f3dd4\" data-element_type=\"container\">\n\t\t\t\t<div class=\"elementor-element elementor-element-15e9a72 elementor-widget elementor-widget-text-editor\" data-id=\"15e9a72\" data-element_type=\"widget\" data-widget_type=\"text-editor.default\">\n\t\t\t\t<div class=\"elementor-widget-container\">\n\t\t\t\t\t\t\t<h3 style=\"text-align: center;\"><em><strong>F\u00e1cil de almacenar<\/strong><\/em><\/h3>\t\t\t\t\t\t<\/div>\n\t\t\t\t<\/div>\n\t\t\t\t<\/div>\n\t\t\t\t\t<\/div>\n\t\t\t\t<\/div>\n\t\t<div class=\"elementor-element elementor-element-58c4e3b e-grid e-con-full e-con e-parent\" data-id=\"58c4e3b\" data-element_type=\"container\">\n\t\t\t\t<div class=\"elementor-element elementor-element-78e0d0f elementor-widget elementor-widget-image\" data-id=\"78e0d0f\" data-element_type=\"widget\" data-widget_type=\"image.default\">\n\t\t\t\t<div class=\"elementor-widget-container\">\n\t\t\t\t\t\t\t\t\t\t\t\t\t<img decoding=\"async\" width=\"994\" height=\"892\" src=\"https:\/\/www.yafaesca.com\/wp-content\/uploads\/2024\/11\/Imagen-de-WhatsApp-2024-07-21-a-las-11.42.57_bac7c0b8-1.jpg\" class=\"attachment-large size-large wp-image-135\" alt=\"\" srcset=\"https:\/\/www.yafaesca.com\/wp-content\/uploads\/2024\/11\/Imagen-de-WhatsApp-2024-07-21-a-las-11.42.57_bac7c0b8-1.jpg 994w, https:\/\/www.yafaesca.com\/wp-content\/uploads\/2024\/11\/Imagen-de-WhatsApp-2024-07-21-a-las-11.42.57_bac7c0b8-1-300x269.jpg 300w, https:\/\/www.yafaesca.com\/wp-content\/uploads\/2024\/11\/Imagen-de-WhatsApp-2024-07-21-a-las-11.42.57_bac7c0b8-1-768x689.jpg 768w\" sizes=\"(max-width: 994px) 100vw, 994px\" \/>\t\t\t\t\t\t\t\t\t\t\t\t\t<\/div>\n\t\t\t\t<\/div>\n\t\t\t\t<div class=\"elementor-element elementor-element-0ac4c05 elementor-widget elementor-widget-image\" data-id=\"0ac4c05\" data-element_type=\"widget\" data-widget_type=\"image.default\">\n\t\t\t\t<div class=\"elementor-widget-container\">\n\t\t\t\t\t\t\t\t\t\t\t\t\t<img decoding=\"async\" width=\"1024\" height=\"894\" src=\"https:\/\/www.yafaesca.com\/wp-content\/uploads\/2024\/11\/Imagen-de-WhatsApp-2024-07-21-a-las-11.42.56_72980b7d-1-1024x894.jpg\" class=\"attachment-large size-large wp-image-133\" alt=\"\" srcset=\"https:\/\/www.yafaesca.com\/wp-content\/uploads\/2024\/11\/Imagen-de-WhatsApp-2024-07-21-a-las-11.42.56_72980b7d-1-1024x894.jpg 1024w, https:\/\/www.yafaesca.com\/wp-content\/uploads\/2024\/11\/Imagen-de-WhatsApp-2024-07-21-a-las-11.42.56_72980b7d-1-300x262.jpg 300w, https:\/\/www.yafaesca.com\/wp-content\/uploads\/2024\/11\/Imagen-de-WhatsApp-2024-07-21-a-las-11.42.56_72980b7d-1-768x671.jpg 768w, https:\/\/www.yafaesca.com\/wp-content\/uploads\/2024\/11\/Imagen-de-WhatsApp-2024-07-21-a-las-11.42.56_72980b7d-1.jpg 1122w\" sizes=\"(max-width: 1024px) 100vw, 1024px\" \/>\t\t\t\t\t\t\t\t\t\t\t\t\t<\/div>\n\t\t\t\t<\/div>\n\t\t\t\t<div class=\"elementor-element elementor-element-ba51039 elementor-widget elementor-widget-image\" data-id=\"ba51039\" data-element_type=\"widget\" data-widget_type=\"image.default\">\n\t\t\t\t<div class=\"elementor-widget-container\">\n\t\t\t\t\t\t\t\t\t\t\t\t\t<img loading=\"lazy\" decoding=\"async\" width=\"344\" height=\"358\" src=\"https:\/\/www.yafaesca.com\/wp-content\/uploads\/2024\/11\/Imagen-de-WhatsApp-2024-07-21-a-las-11.42.57_5f7206c3-1.jpg\" class=\"attachment-large size-large wp-image-134\" alt=\"\" srcset=\"https:\/\/www.yafaesca.com\/wp-content\/uploads\/2024\/11\/Imagen-de-WhatsApp-2024-07-21-a-las-11.42.57_5f7206c3-1.jpg 344w, https:\/\/www.yafaesca.com\/wp-content\/uploads\/2024\/11\/Imagen-de-WhatsApp-2024-07-21-a-las-11.42.57_5f7206c3-1-288x300.jpg 288w\" sizes=\"(max-width: 344px) 100vw, 344px\" \/>\t\t\t\t\t\t\t\t\t\t\t\t\t<\/div>\n\t\t\t\t<\/div>\n\t\t\t\t<div class=\"elementor-element elementor-element-61b8caa elementor-widget elementor-widget-image\" data-id=\"61b8caa\" data-element_type=\"widget\" data-widget_type=\"image.default\">\n\t\t\t\t<div class=\"elementor-widget-container\">\n\t\t\t\t\t\t\t\t\t\t<figure class=\"wp-caption\">\n\t\t\t\t\t\t\t\t\t\t<img loading=\"lazy\" decoding=\"async\" width=\"300\" height=\"239\" src=\"https:\/\/www.yafaesca.com\/wp-content\/uploads\/2024\/11\/Imagen-de-WhatsApp-2024-07-21-a-las-11.42.58_20c77bbb-1-300x239.jpg\" class=\"attachment-medium size-medium wp-image-136\" alt=\"\" srcset=\"https:\/\/www.yafaesca.com\/wp-content\/uploads\/2024\/11\/Imagen-de-WhatsApp-2024-07-21-a-las-11.42.58_20c77bbb-1-300x239.jpg 300w, https:\/\/www.yafaesca.com\/wp-content\/uploads\/2024\/11\/Imagen-de-WhatsApp-2024-07-21-a-las-11.42.58_20c77bbb-1-1024x816.jpg 1024w, https:\/\/www.yafaesca.com\/wp-content\/uploads\/2024\/11\/Imagen-de-WhatsApp-2024-07-21-a-las-11.42.58_20c77bbb-1-768x612.jpg 768w, https:\/\/www.yafaesca.com\/wp-content\/uploads\/2024\/11\/Imagen-de-WhatsApp-2024-07-21-a-las-11.42.58_20c77bbb-1.jpg 1114w\" sizes=\"(max-width: 300px) 100vw, 300px\" \/>\t\t\t\t\t\t\t\t\t\t\t<figcaption class=\"widget-image-caption wp-caption-text\"><\/figcaption>\n\t\t\t\t\t\t\t\t\t\t<\/figure>\n\t\t\t\t\t\t\t<\/div>\n\t\t\t\t<\/div>\n\t\t\t\t<div class=\"elementor-element elementor-element-78b4d85 elementor-widget elementor-widget-text-editor\" data-id=\"78b4d85\" data-element_type=\"widget\" data-widget_type=\"text-editor.default\">\n\t\t\t\t<div class=\"elementor-widget-container\">\n\t\t\t\t\t\t\t<p class=\"MsoNormal\" style=\"text-align: center;\"><em><strong><span lang=\"ES-PE\">Las comidas deshidratadas una forma asequible de obtener la nutrici\u00f3n que necesita.<\/span><\/strong><\/em><\/p>\t\t\t\t\t\t<\/div>\n\t\t\t\t<\/div>\n\t\t\t\t<div class=\"elementor-element elementor-element-27ff16d elementor-widget elementor-widget-text-editor\" data-id=\"27ff16d\" data-element_type=\"widget\" data-widget_type=\"text-editor.default\">\n\t\t\t\t<div class=\"elementor-widget-container\">\n\t\t\t\t\t\t\t<p class=\"MsoNormal\"><em><strong><span lang=\"ES-PE\">Los alimentos deshidratados son ricos en nutrientes y llenos de sabor.<\/span><\/strong><\/em><\/p>\t\t\t\t\t\t<\/div>\n\t\t\t\t<\/div>\n\t\t\t\t<div class=\"elementor-element elementor-element-6f22fe6 elementor-widget elementor-widget-text-editor\" data-id=\"6f22fe6\" data-element_type=\"widget\" data-widget_type=\"text-editor.default\">\n\t\t\t\t<div class=\"elementor-widget-container\">\n\t\t\t\t\t\t\t<p><em><strong>Las comidas deshidratadas son f\u00e1ciles de almacenar y ocupan muy poco espacio.<\/strong><\/em><\/p>\t\t\t\t\t\t<\/div>\n\t\t\t\t<\/div>\n\t\t\t\t<div class=\"elementor-element elementor-element-e94f802 elementor-widget elementor-widget-text-editor\" data-id=\"e94f802\" data-element_type=\"widget\" data-widget_type=\"text-editor.default\">\n\t\t\t\t<div class=\"elementor-widget-container\">\n\t\t\t\t\t\t\t<p class=\"MsoNormal\"><em><strong><span lang=\"ES-PE\">Los alimentos deshidratados tienen una vida \u00fatil significativamente m\u00e1s larga.<\/span><\/strong><\/em><\/p>\t\t\t\t\t\t<\/div>\n\t\t\t\t<\/div>\n\t\t\t\t<\/div>\n\t\t<div class=\"elementor-element elementor-element-a58d399 e-flex e-con-boxed e-con e-parent\" data-id=\"a58d399\" data-element_type=\"container\">\n\t\t\t\t\t<div class=\"e-con-inner\">\n\t\t\t\t\t<\/div>\n\t\t\t\t<\/div>\n\t\t\t\t<\/div>\n\t\t","protected":false},"excerpt":{"rendered":"<p>\u00a0 Beneficios de los alimentos deshidratados Alimentos ricos en nutrientes F\u00e1cil de almacenar Larga vida \u00fatil F\u00e1cil de almacenar Las [&hellip;]<\/p>\n","protected":false},"author":1,"featured_media":0,"parent":0,"menu_order":0,"comment_status":"closed","ping_status":"closed","template":"","meta":{"_uag_custom_page_level_css":"","site-sidebar-layout":"default","site-content-layout":"","ast-site-content-layout":"","site-content-style":"default","site-sidebar-style":"default","ast-global-header-display":"","ast-banner-title-visibility":"","ast-main-header-display":"","ast-hfb-above-header-display":"","ast-hfb-below-header-display":"","ast-hfb-mobile-header-display":"","site-post-title":"disabled","ast-breadcrumbs-content":"","ast-featured-img":"","footer-sml-layout":"","theme-transparent-header-meta":"","adv-header-id-meta":"","stick-header-meta":"","header-above-stick-meta":"","header-main-stick-meta":"","header-below-stick-meta":"","astra-migrate-meta-layouts":"default","ast-page-background-enabled":"default","ast-page-background-meta":{"desktop":{"background-color":"var(--ast-global-color-4)","background-image":"","background-repeat":"repeat","background-position":"center center","background-size":"auto","background-attachment":"scroll","background-type":"","background-media":"","overlay-type":"","overlay-color":"","overlay-opacity":"","overlay-gradient":""},"tablet":{"background-color":"","background-image":"","background-repeat":"repeat","background-position":"center center","background-size":"auto","background-attachment":"scroll","background-type":"","background-media":"","overlay-type":"","overlay-color":"","overlay-opacity":"","overlay-gradient":""},"mobile":{"background-color":"","background-image":"","background-repeat":"repeat","background-position":"center center","background-size":"auto","background-attachment":"scroll","background-type":"","background-media":"","overlay-type":"","overlay-color":"","overlay-opacity":"","overlay-gradient":""}},"ast-content-background-meta":{"desktop":{"background-color":"var(--ast-global-color-5)","background-image":"","background-repeat":"repeat","background-position":"center center","background-size":"auto","background-attachment":"scroll","background-type":"","background-media":"","overlay-type":"","overlay-color":"","overlay-opacity":"","overlay-gradient":""},"tablet":{"background-color":"var(--ast-global-color-5)","background-image":"","background-repeat":"repeat","background-position":"center center","background-size":"auto","background-attachment":"scroll","background-type":"","background-media":"","overlay-type":"","overlay-color":"","overlay-opacity":"","overlay-gradient":""},"mobile":{"background-color":"var(--ast-global-color-5)","background-image":"","background-repeat":"repeat","background-position":"center center","background-size":"auto","background-attachment":"scroll","background-type":"","background-media":"","overlay-type":"","overlay-color":"","overlay-opacity":"","overlay-gradient":""}},"footnotes":""},"class_list":["post-49","page","type-page","status-publish","hentry"],"uagb_featured_image_src":{"full":false,"thumbnail":false,"medium":false,"medium_large":false,"large":false,"1536x1536":false,"2048x2048":false},"uagb_author_info":{"display_name":"admin","author_link":"https:\/\/www.yafaesca.com\/index.php\/author\/admin_lh33cu0u\/"},"uagb_comment_info":0,"uagb_excerpt":"\u00a0 Beneficios de los alimentos deshidratados Alimentos ricos en nutrientes F\u00e1cil de almacenar Larga vida \u00fatil F\u00e1cil de almacenar Las [&hellip;]","_links":{"self":[{"href":"https:\/\/www.yafaesca.com\/index.php\/wp-json\/wp\/v2\/pages\/49","targetHints":{"allow":["GET"]}}],"collection":[{"href":"https:\/\/www.yafaesca.com\/index.php\/wp-json\/wp\/v2\/pages"}],"about":[{"href":"https:\/\/www.yafaesca.com\/index.php\/wp-json\/wp\/v2\/types\/page"}],"author":[{"embeddable":true,"href":"https:\/\/www.yafaesca.com\/index.php\/wp-json\/wp\/v2\/users\/1"}],"replies":[{"embeddable":true,"href":"https:\/\/www.yafaesca.com\/index.php\/wp-json\/wp\/v2\/comments?post=49"}],"version-history":[{"count":44,"href":"https:\/\/www.yafaesca.com\/index.php\/wp-json\/wp\/v2\/pages\/49\/revisions"}],"predecessor-version":[{"id":187,"href":"https:\/\/www.yafaesca.com\/index.php\/wp-json\/wp\/v2\/pages\/49\/revisions\/187"}],"wp:attachment":[{"href":"https:\/\/www.yafaesca.com\/index.php\/wp-json\/wp\/v2\/media?parent=49"}],"curies":[{"name":"wp","href":"https:\/\/api.w.org\/{rel}","templated":true}]}}